{"id":27,"date":"2021-10-03T13:12:23","date_gmt":"2021-10-03T13:12:23","guid":{"rendered":"https:\/\/ferme.vamtam.com\/?page_id=27"},"modified":"2021-10-03T13:12:23","modified_gmt":"2021-10-03T13:12:23","slug":"our-people","status":"publish","type":"page","link":"https:\/\/panafricandonkeyconference.org\/fr\/our-people\/","title":{"rendered":"Notre peuple"},"content":{"rendered":"<div data-elementor-type=\"wp-page\" data-elementor-id=\"27\" class=\"elementor elementor-27\">\n\t\t\t\t\t\t\t\t\t<section class=\"elementor-section elementor-top-section elementor-element elementor-element-8e10a1c elementor-section-content-middle elementor-section-boxed elementor-section-height-default elementor-section-height-default\" data-id=\"8e10a1c\" data-element_type=\"section\" data-settings=\"{&quot;background_background&quot;:&quot;classic&quot;}\">\n\t\t\t\t\t\t<div class=\"elementor-container elementor-column-gap-no\">\n\t\t\t\t\t<div class=\"elementor-column elementor-col-100 elementor-top-column elementor-element elementor-element-5a81ebc\" data-id=\"5a81ebc\" data-element_type=\"column\">\n\t\t\t<div class=\"elementor-widget-wrap elementor-element-populated\">\n\t\t\t\t\t\t\t\t<section class=\"elementor-section elementor-inner-section elementor-element elementor-element-238cb7e elementor-section-height-min-height elementor-section-content-middle elementor-section-boxed elementor-section-height-default\" data-id=\"238cb7e\" data-element_type=\"section\">\n\t\t\t\t\t\t<div class=\"elementor-container elementor-column-gap-no\">\n\t\t\t\t\t<div class=\"elementor-column elementor-col-100 elementor-inner-column elementor-element elementor-element-f020d31\" data-id=\"f020d31\" data-element_type=\"column\">\n\t\t\t<div class=\"elementor-widget-wrap elementor-element-populated\">\n\t\t\t\t\t\t\t\t\t<\/div>\n\t\t<\/div>\n\t\t\t\t\t\t\t<\/div>\n\t\t<\/section>\n\t\t\t\t<section class=\"elementor-section elementor-inner-section elementor-element elementor-element-e4db696 elementor-section-boxed elementor-section-height-default elementor-section-height-default\" data-id=\"e4db696\" data-element_type=\"section\">\n\t\t\t\t\t\t<div class=\"elementor-container elementor-column-gap-no\">\n\t\t\t\t\t<div class=\"elementor-column elementor-col-100 elementor-inner-column elementor-element elementor-element-494e501\" data-id=\"494e501\" data-element_type=\"column\">\n\t\t\t<div class=\"elementor-widget-wrap elementor-element-populated\">\n\t\t\t\t\t\t\t\t<div class=\"elementor-element elementor-element-8997464 elementor-widget elementor-widget-spacer\" data-id=\"8997464\" data-element_type=\"widget\" data-widget_type=\"spacer.default\">\n\t\t\t\t<div class=\"elementor-widget-container\">\n\t\t\t\t\t<div class=\"elementor-spacer\">\n\t\t\t<div class=\"elementor-spacer-inner\"><\/div>\n\t\t<\/div>\n\t\t\t\t<\/div>\n\t\t\t\t<\/div>\n\t\t\t\t\t<\/div>\n\t\t<\/div>\n\t\t\t\t\t\t\t<\/div>\n\t\t<\/section>\n\t\t\t\t\t<\/div>\n\t\t<\/div>\n\t\t\t\t\t\t\t<\/div>\n\t\t<\/section>\n\t\t\t\t<section class=\"elementor-section elementor-top-section elementor-element elementor-element-d6a857d elementor-section-boxed elementor-section-height-default elementor-section-height-default\" data-id=\"d6a857d\" data-element_type=\"section\">\n\t\t\t\t\t\t<div class=\"elementor-container elementor-column-gap-default\">\n\t\t\t\t\t<div class=\"elementor-column elementor-col-50 elementor-top-column elementor-element elementor-element-8c1ed20\" data-id=\"8c1ed20\" data-element_type=\"column\" data-settings=\"{&quot;background_background&quot;:&quot;classic&quot;}\">\n\t\t\t<div class=\"elementor-widget-wrap elementor-element-populated\">\n\t\t\t\t\t\t\t\t<div class=\"elementor-element elementor-element-abd00fe e-transform elementor-widget__width-auto elementor-absolute elementor-widget-divider--view-line elementor-widget elementor-widget-divider\" data-id=\"abd00fe\" data-element_type=\"widget\" data-settings=\"{&quot;_transform_rotateZ_effect&quot;:{&quot;unit&quot;:&quot;px&quot;,&quot;size&quot;:90,&quot;sizes&quot;:[]},&quot;_position&quot;:&quot;absolute&quot;,&quot;_transform_rotateZ_effect_tablet&quot;:{&quot;unit&quot;:&quot;px&quot;,&quot;size&quot;:&quot;&quot;,&quot;sizes&quot;:[]},&quot;_transform_rotateZ_effect_mobile&quot;:{&quot;unit&quot;:&quot;px&quot;,&quot;size&quot;:&quot;&quot;,&quot;sizes&quot;:[]}}\" data-widget_type=\"divider.default\">\n\t\t\t\t<div class=\"elementor-widget-container\">\n\t\t\t\t\t<div class=\"elementor-divider\">\n\t\t\t<span class=\"elementor-divider-separator\">\n\t\t\t\t\t\t<\/span>\n\t\t<\/div>\n\t\t\t\t<\/div>\n\t\t\t\t<\/div>\n\t\t\t\t<div class=\"elementor-element elementor-element-19a7067 elementor-widget elementor-widget-text-editor\" data-id=\"19a7067\" data-element_type=\"widget\" data-widget_type=\"text-editor.default\">\n\t\t\t\t<div class=\"elementor-widget-container\">\n\t\t\t\t\t\t\tLa Ferme est un endroit sp\u00e9cial non seulement en raison de notre engagement \u00e0 cultiver les meilleurs produits locaux de la r\u00e9gion, mais aussi en raison de notre personnel. Rencontrez certains de nos formidables membres du personnel\u00a0!\n\t\t\t\t\t\t<\/div>\n\t\t\t\t<\/div>\n\t\t\t\t\t<\/div>\n\t\t<\/div>\n\t\t\t\t<div class=\"elementor-column elementor-col-50 elementor-top-column elementor-element elementor-element-7316f78 elementor-hidden-mobile\" data-id=\"7316f78\" data-element_type=\"column\">\n\t\t\t<div class=\"elementor-widget-wrap\">\n\t\t\t\t\t\t\t\t\t<\/div>\n\t\t<\/div>\n\t\t\t\t\t\t\t<\/div>\n\t\t<\/section>\n\t\t\t\t<section class=\"elementor-section elementor-top-section elementor-element elementor-element-331e26e elementor-section-content-middle elementor-section-boxed elementor-section-height-default elementor-section-height-default\" data-id=\"331e26e\" data-element_type=\"section\">\n\t\t\t\t\t\t<div class=\"elementor-container elementor-column-gap-no\">\n\t\t\t\t\t<div class=\"elementor-column elementor-col-50 elementor-top-column elementor-element elementor-element-fe26ee5\" data-id=\"fe26ee5\" data-element_type=\"column\" data-settings=\"{&quot;background_background&quot;:&quot;classic&quot;}\">\n\t\t\t<div class=\"elementor-widget-wrap elementor-element-populated\">\n\t\t\t\t\t\t\t\t<div class=\"elementor-element elementor-element-f1fedc7 elementor-widget elementor-widget-image\" data-id=\"f1fedc7\" data-element_type=\"widget\" data-widget_type=\"image.default\">\n\t\t\t\t<div class=\"elementor-widget-container\">\n\t\t\t\t\t\t\t\t\t\t\t\t\t\t\t<img width=\"1224\" height=\"1312\" src=\"https:\/\/panafricandonkeyconference.org\/wp-content\/uploads\/2021\/11\/pexels-cottonbro-4911740.jpg\" class=\"attachment-full size-full\" alt=\"\" loading=\"lazy\" \/>\t\t\t\t\t\t\t\t\t\t\t\t\t\t\t<\/div>\n\t\t\t\t<\/div>\n\t\t\t\t\t<\/div>\n\t\t<\/div>\n\t\t\t\t<div class=\"elementor-column elementor-col-50 elementor-top-column elementor-element elementor-element-a849bf4\" data-id=\"a849bf4\" data-element_type=\"column\">\n\t\t\t<div class=\"elementor-widget-wrap elementor-element-populated\">\n\t\t\t\t\t\t\t\t<div class=\"elementor-element elementor-element-c5c5313 elementor-widget elementor-widget-heading\" data-id=\"c5c5313\" data-element_type=\"widget\" data-widget_type=\"heading.default\">\n\t\t\t\t<div class=\"elementor-widget-container\">\n\t\t\t<h3 class=\"elementor-heading-title elementor-size-default\">Sarah Parker<\/h3>\t\t<\/div>\n\t\t\t\t<\/div>\n\t\t\t\t<div class=\"elementor-element elementor-element-2c3e7fb elementor-widget elementor-widget-heading\" data-id=\"2c3e7fb\" data-element_type=\"widget\" data-widget_type=\"heading.default\">\n\t\t\t\t<div class=\"elementor-widget-container\">\n\t\t\t<h5 class=\"elementor-heading-title elementor-size-default\">FONDATEUR<\/h5>\t\t<\/div>\n\t\t\t\t<\/div>\n\t\t\t\t<div class=\"elementor-element elementor-element-00648ad elementor-widget elementor-widget-text-editor\" data-id=\"00648ad\" data-element_type=\"widget\" data-widget_type=\"text-editor.default\">\n\t\t\t\t<div class=\"elementor-widget-container\">\n\t\t\t\t\t\t\tSarah Parker croit en <strong>durable et holistique<\/strong> vie.\t\t\t\t\t\t<\/div>\n\t\t\t\t<\/div>\n\t\t\t\t<div class=\"elementor-element elementor-element-da4a221 elementor-widget elementor-widget-text-editor\" data-id=\"da4a221\" data-element_type=\"widget\" data-widget_type=\"text-editor.default\">\n\t\t\t\t<div class=\"elementor-widget-container\">\n\t\t\t\t\t\t\tSa passion pour <strong>l&#039;agriculture biologique<\/strong>, des v\u00eatements naturels et des produits de beaut\u00e9 bien pens\u00e9s ont fait d&#039;elle une championne influente de l&#039;artisanat, des comp\u00e9tences traditionnelles et de la vie naturelle.\t\t\t\t\t\t<\/div>\n\t\t\t\t<\/div>\n\t\t\t\t<div class=\"elementor-element elementor-element-dc4ddb5 elementor-widget elementor-widget-text-editor\" data-id=\"dc4ddb5\" data-element_type=\"widget\" data-widget_type=\"text-editor.default\">\n\t\t\t\t<div class=\"elementor-widget-container\">\n\t\t\t\t\t\t\t<strong>Fondateur de Ferme<\/strong>, elle est reconnue comme une visionnaire de l&#039;agriculture biologique et de la vente au d\u00e9tail d&#039;aliments sains.\t\t\t\t\t\t<\/div>\n\t\t\t\t<\/div>\n\t\t\t\t<div class=\"elementor-element elementor-element-2ff9226 elementor-widget elementor-widget-text-editor\" data-id=\"2ff9226\" data-element_type=\"widget\" data-widget_type=\"text-editor.default\">\n\t\t\t\t<div class=\"elementor-widget-container\">\n\t\t\t\t\t\t\tElle est titulaire d&#039;un baccalaur\u00e9at en \u00e9tudes africaines de l&#039;Universit\u00e9 Brown, d&#039;une ma\u00eetrise en anthropologie socioculturelle de l&#039;Universit\u00e9 de Columbia et d&#039;une certification en biodynamie, conception de permaculture et psychoth\u00e9rapie somatique d\u00e9veloppementale.\t\t\t\t\t\t<\/div>\n\t\t\t\t<\/div>\n\t\t\t\t\t<\/div>\n\t\t<\/div>\n\t\t\t\t\t\t\t<\/div>\n\t\t<\/section>\n\t\t\t\t<section class=\"elementor-section elementor-top-section elementor-element elementor-element-7b4a627 elementor-section-content-middle elementor-reverse-mobile elementor-section-boxed elementor-section-height-default elementor-section-height-default\" data-id=\"7b4a627\" data-element_type=\"section\">\n\t\t\t\t\t\t<div class=\"elementor-container elementor-column-gap-no\">\n\t\t\t\t\t<div class=\"elementor-column elementor-col-50 elementor-top-column elementor-element elementor-element-1dca569\" data-id=\"1dca569\" data-element_type=\"column\">\n\t\t\t<div class=\"elementor-widget-wrap elementor-element-populated\">\n\t\t\t\t\t\t\t\t<div class=\"elementor-element elementor-element-d66c226 elementor-widget elementor-widget-heading\" data-id=\"d66c226\" data-element_type=\"widget\" data-widget_type=\"heading.default\">\n\t\t\t\t<div class=\"elementor-widget-container\">\n\t\t\t<h3 class=\"elementor-heading-title elementor-size-default\">John Smith<\/h3>\t\t<\/div>\n\t\t\t\t<\/div>\n\t\t\t\t<div class=\"elementor-element elementor-element-c0b71a0 elementor-widget elementor-widget-heading\" data-id=\"c0b71a0\" data-element_type=\"widget\" data-widget_type=\"heading.default\">\n\t\t\t\t<div class=\"elementor-widget-container\">\n\t\t\t<h5 class=\"elementor-heading-title elementor-size-default\">Gestionnaire de ferme<\/h5>\t\t<\/div>\n\t\t\t\t<\/div>\n\t\t\t\t<div class=\"elementor-element elementor-element-10415f3 elementor-widget elementor-widget-text-editor\" data-id=\"10415f3\" data-element_type=\"widget\" data-widget_type=\"text-editor.default\">\n\t\t\t\t<div class=\"elementor-widget-container\">\n\t\t\t\t\t\t\tJohn Smith est un agriculteur et producteur biologique passionn\u00e9, qui croit fermement que <strong>m\u00e9thodes d&#039;agriculture biologique<\/strong> ont un r\u00f4le \u00e9norme \u00e0 jouer pour nourrir notre population toujours croissante d\u2019une mani\u00e8re saine et durable.\t\t\t\t\t\t<\/div>\n\t\t\t\t<\/div>\n\t\t\t\t<div class=\"elementor-element elementor-element-3eb61c7 elementor-widget elementor-widget-text-editor\" data-id=\"3eb61c7\" data-element_type=\"widget\" data-widget_type=\"text-editor.default\">\n\t\t\t\t<div class=\"elementor-widget-container\">\n\t\t\t\t\t\t\tJohn a grandi dans une grande ferme mixte du Northamptonshire et, apr\u00e8s avoir quitt\u00e9 l&#039;\u00e9cole, a travaill\u00e9 dans les Cheviot Hills, dans le Northumberland, o\u00f9 il a d\u00e9velopp\u00e9 une <strong>une vraie passion pour l&#039;\u00e9levage<\/strong>. Il a ensuite travaill\u00e9 plusieurs ann\u00e9es comme directeur de ferme en Cornouailles avant d&#039;\u00e9migrer en Nouvelle-Z\u00e9lande en 1992 o\u00f9 il a \u00e9lev\u00e9 du b\u0153uf, des moutons et des cerfs et s&#039;est sp\u00e9cialis\u00e9 dans le <strong>production de viande \u00e0 partir de r\u00e9gimes \u00e0 base d&#039;herbe<\/strong>.\t\t\t\t\t\t<\/div>\n\t\t\t\t<\/div>\n\t\t\t\t<div class=\"elementor-element elementor-element-53ee717 elementor-widget elementor-widget-text-editor\" data-id=\"53ee717\" data-element_type=\"widget\" data-widget_type=\"text-editor.default\">\n\t\t\t\t<div class=\"elementor-widget-container\">\n\t\t\t\t\t\t\tJohn croit que La Ferme Farm est sans aucun doute l&#039;une des fermes biologiques les plus avant-gardistes et innovantes du pays et il est motiv\u00e9 par la production d&#039;aliments biologiques honn\u00eates et produits de mani\u00e8re transparente.\t\t\t\t\t\t<\/div>\n\t\t\t\t<\/div>\n\t\t\t\t\t<\/div>\n\t\t<\/div>\n\t\t\t\t<div class=\"elementor-column elementor-col-50 elementor-top-column elementor-element elementor-element-37bba43\" data-id=\"37bba43\" data-element_type=\"column\">\n\t\t\t<div class=\"elementor-widget-wrap elementor-element-populated\">\n\t\t\t\t\t\t\t\t<div class=\"elementor-element elementor-element-64e39d7 elementor-widget elementor-widget-image\" data-id=\"64e39d7\" data-element_type=\"widget\" data-widget_type=\"image.default\">\n\t\t\t\t<div class=\"elementor-widget-container\">\n\t\t\t\t\t\t\t\t\t\t\t\t\t\t\t<img width=\"1226\" height=\"1312\" src=\"https:\/\/panafricandonkeyconference.org\/wp-content\/uploads\/2021\/11\/pexels-cottonbro-4918149.jpg\" class=\"attachment-full size-full\" alt=\"\" loading=\"lazy\" srcset=\"https:\/\/panafricandonkeyconference.org\/wp-content\/uploads\/2021\/11\/pexels-cottonbro-4918149.jpg 1226w, https:\/\/panafricandonkeyconference.org\/wp-content\/uploads\/2021\/11\/pexels-cottonbro-4918149-280x300.jpg 280w, https:\/\/panafricandonkeyconference.org\/wp-content\/uploads\/2021\/11\/pexels-cottonbro-4918149-957x1024.jpg 957w, https:\/\/panafricandonkeyconference.org\/wp-content\/uploads\/2021\/11\/pexels-cottonbro-4918149-768x822.jpg 768w\" sizes=\"(max-width: 1226px) 100vw, 1226px\" \/>\t\t\t\t\t\t\t\t\t\t\t\t\t\t\t<\/div>\n\t\t\t\t<\/div>\n\t\t\t\t\t<\/div>\n\t\t<\/div>\n\t\t\t\t\t\t\t<\/div>\n\t\t<\/section>\n\t\t\t\t<section class=\"elementor-section elementor-top-section elementor-element elementor-element-e272b52 elementor-section-content-middle elementor-section-boxed elementor-section-height-default elementor-section-height-default\" data-id=\"e272b52\" data-element_type=\"section\">\n\t\t\t\t\t\t<div class=\"elementor-container elementor-column-gap-no\">\n\t\t\t\t\t<div class=\"elementor-column elementor-col-50 elementor-top-column elementor-element elementor-element-7ec83ce\" data-id=\"7ec83ce\" data-element_type=\"column\" data-settings=\"{&quot;background_background&quot;:&quot;classic&quot;}\">\n\t\t\t<div class=\"elementor-widget-wrap elementor-element-populated\">\n\t\t\t\t\t\t\t\t<div class=\"elementor-element elementor-element-cb38aca elementor-widget elementor-widget-image\" data-id=\"cb38aca\" data-element_type=\"widget\" data-widget_type=\"image.default\">\n\t\t\t\t<div class=\"elementor-widget-container\">\n\t\t\t\t\t\t\t\t\t\t\t\t\t\t\t<img width=\"1224\" height=\"1312\" src=\"https:\/\/panafricandonkeyconference.org\/wp-content\/uploads\/2021\/11\/pexels-maksim-goncharenok-5484084.jpg\" class=\"attachment-full size-full\" alt=\"\" loading=\"lazy\" srcset=\"https:\/\/panafricandonkeyconference.org\/wp-content\/uploads\/2021\/11\/pexels-maksim-goncharenok-5484084.jpg 1224w, https:\/\/panafricandonkeyconference.org\/wp-content\/uploads\/2021\/11\/pexels-maksim-goncharenok-5484084-280x300.jpg 280w, https:\/\/panafricandonkeyconference.org\/wp-content\/uploads\/2021\/11\/pexels-maksim-goncharenok-5484084-955x1024.jpg 955w, https:\/\/panafricandonkeyconference.org\/wp-content\/uploads\/2021\/11\/pexels-maksim-goncharenok-5484084-768x823.jpg 768w\" sizes=\"(max-width: 1224px) 100vw, 1224px\" \/>\t\t\t\t\t\t\t\t\t\t\t\t\t\t\t<\/div>\n\t\t\t\t<\/div>\n\t\t\t\t\t<\/div>\n\t\t<\/div>\n\t\t\t\t<div class=\"elementor-column elementor-col-50 elementor-top-column elementor-element elementor-element-d3a840c\" data-id=\"d3a840c\" data-element_type=\"column\">\n\t\t\t<div class=\"elementor-widget-wrap elementor-element-populated\">\n\t\t\t\t\t\t\t\t<div class=\"elementor-element elementor-element-4a7a4ea elementor-widget elementor-widget-heading\" data-id=\"4a7a4ea\" data-element_type=\"widget\" data-widget_type=\"heading.default\">\n\t\t\t\t<div class=\"elementor-widget-container\">\n\t\t\t<h3 class=\"elementor-heading-title elementor-size-default\">Samuel Parker<\/h3>\t\t<\/div>\n\t\t\t\t<\/div>\n\t\t\t\t<div class=\"elementor-element elementor-element-1ad98b0 elementor-widget elementor-widget-heading\" data-id=\"1ad98b0\" data-element_type=\"widget\" data-widget_type=\"heading.default\">\n\t\t\t\t<div class=\"elementor-widget-container\">\n\t\t\t<h5 class=\"elementor-heading-title elementor-size-default\">RESPONSABLE DU JARDIN MARA\u00ceCHEUR<\/h5>\t\t<\/div>\n\t\t\t\t<\/div>\n\t\t\t\t<div class=\"elementor-element elementor-element-1dd2069 elementor-widget elementor-widget-text-editor\" data-id=\"1dd2069\" data-element_type=\"widget\" data-widget_type=\"text-editor.default\">\n\t\t\t\t<div class=\"elementor-widget-container\">\n\t\t\t\t\t\t\tSamuel Parker g\u00e8re le Market Garden de la Ferme et g\u00e8re le march\u00e9 <strong>jardin, semis, plantation<\/strong>, r\u00e9coltant et cultivant une large gamme d&#039;herbes aromatiques, de salades, de fruits et de l\u00e9gumes.\t\t\t\t\t\t<\/div>\n\t\t\t\t<\/div>\n\t\t\t\t<div class=\"elementor-element elementor-element-d429eba elementor-widget elementor-widget-text-editor\" data-id=\"d429eba\" data-element_type=\"widget\" data-widget_type=\"text-editor.default\">\n\t\t\t\t<div class=\"elementor-widget-container\">\n\t\t\t\t\t\t\tSamuel a suivi une formation en horticulture \u00e0 l&#039;Universit\u00e9 de Reading, venant d&#039;un <strong>plante familiale<\/strong> p\u00e9pini\u00e8re dans la vall\u00e9e d&#039;Evesham, o\u00f9 il a grandi avec une formation horticole autour de lui.\t\t\t\t\t\t<\/div>\n\t\t\t\t<\/div>\n\t\t\t\t<div class=\"elementor-element elementor-element-f1e3ae9 elementor-widget elementor-widget-text-editor\" data-id=\"f1e3ae9\" data-element_type=\"widget\" data-widget_type=\"text-editor.default\">\n\t\t\t\t<div class=\"elementor-widget-container\">\n\t\t\t\t\t\t\tSamuel aime grandir <strong>courges et citrouilles<\/strong> \u2013 parce que ce sont des plantes tr\u00e8s grandes, elles suppriment bien les mauvaises herbes et quand vient le temps de la r\u00e9colte, c&#039;est comme une chasse au tr\u00e9sor.\t\t\t\t\t\t<\/div>\n\t\t\t\t<\/div>\n\t\t\t\t\t<\/div>\n\t\t<\/div>\n\t\t\t\t\t\t\t<\/div>\n\t\t<\/section>\n\t\t\t\t<section class=\"elementor-section elementor-top-section elementor-element elementor-element-63831ee elementor-section-content-middle elementor-reverse-mobile elementor-section-boxed elementor-section-height-default elementor-section-height-default\" data-id=\"63831ee\" data-element_type=\"section\">\n\t\t\t\t\t\t<div class=\"elementor-container elementor-column-gap-no\">\n\t\t\t\t\t<div class=\"elementor-column elementor-col-50 elementor-top-column elementor-element elementor-element-8154709\" data-id=\"8154709\" data-element_type=\"column\">\n\t\t\t<div class=\"elementor-widget-wrap elementor-element-populated\">\n\t\t\t\t\t\t\t\t<div class=\"elementor-element elementor-element-bf80f6b elementor-widget elementor-widget-heading\" data-id=\"bf80f6b\" data-element_type=\"widget\" data-widget_type=\"heading.default\">\n\t\t\t\t<div class=\"elementor-widget-container\">\n\t\t\t<h3 class=\"elementor-heading-title elementor-size-default\">Alexandre Nelson<\/h3>\t\t<\/div>\n\t\t\t\t<\/div>\n\t\t\t\t<div class=\"elementor-element elementor-element-36dd121 elementor-widget elementor-widget-heading\" data-id=\"36dd121\" data-element_type=\"widget\" data-widget_type=\"heading.default\">\n\t\t\t\t<div class=\"elementor-widget-container\">\n\t\t\t<h5 class=\"elementor-heading-title elementor-size-default\">CHEF FROMAGEUR<\/h5>\t\t<\/div>\n\t\t\t\t<\/div>\n\t\t\t\t<div class=\"elementor-element elementor-element-e9b7e2c elementor-widget elementor-widget-text-editor\" data-id=\"e9b7e2c\" data-element_type=\"widget\" data-widget_type=\"text-editor.default\">\n\t\t\t\t<div class=\"elementor-widget-container\">\n\t\t\t\t\t\t\tAlexander Nelson est fromager en chef de notre cr\u00e9merie biologique, o\u00f9 il est responsable de la production de tous les fromages prim\u00e9s de notre ferme.\t\t\t\t\t\t<\/div>\n\t\t\t\t<\/div>\n\t\t\t\t<div class=\"elementor-element elementor-element-5b10bd0 elementor-widget elementor-widget-text-editor\" data-id=\"5b10bd0\" data-element_type=\"widget\" data-widget_type=\"text-editor.default\">\n\t\t\t\t<div class=\"elementor-widget-container\">\n\t\t\t\t\t\t\tAlexander \u00e9tudie et travaille le fromage depuis plus de vingt ans. Originaire des \u00c9tats-Unis, sa vie de fromager a commenc\u00e9 par un voyage en France en 1994 et depuis, sa passion de toujours l&#039;a emmen\u00e9 partout dans le monde. Au Royaume-Uni, il est surtout connu pour avoir contribu\u00e9 au d\u00e9veloppement du populaire fromage Ogleshield avec Jamie Montgomery de Neal&#039;s Yard Dairy.\t\t\t\t\t\t<\/div>\n\t\t\t\t<\/div>\n\t\t\t\t<div class=\"elementor-element elementor-element-e7e1d2a elementor-widget elementor-widget-text-editor\" data-id=\"e7e1d2a\" data-element_type=\"widget\" data-widget_type=\"text-editor.default\">\n\t\t\t\t<div class=\"elementor-widget-container\">\n\t\t\t\t\t\t\tPour Alexander, le talent artistique de la fabrication du fromage r\u00e9side dans la r\u00e9ponse du fromager aux changements constants des conditions de l&#039;environnement du lait et de la fabrication du fromage\u00a0; le fromage vise \u00e0 prolonger la dur\u00e9e de conservation du lait et est mieux d\u00e9crit comme une \u00ab\u00a0alt\u00e9ration contr\u00f4l\u00e9e\u00a0\u00bb.\t\t\t\t\t\t<\/div>\n\t\t\t\t<\/div>\n\t\t\t\t\t<\/div>\n\t\t<\/div>\n\t\t\t\t<div class=\"elementor-column elementor-col-50 elementor-top-column elementor-element elementor-element-3c85850\" data-id=\"3c85850\" data-element_type=\"column\">\n\t\t\t<div class=\"elementor-widget-wrap elementor-element-populated\">\n\t\t\t\t\t\t\t\t<div class=\"elementor-element elementor-element-095eafa elementor-widget elementor-widget-image\" data-id=\"095eafa\" data-element_type=\"widget\" data-widget_type=\"image.default\">\n\t\t\t\t<div class=\"elementor-widget-container\">\n\t\t\t\t\t\t\t\t\t\t\t\t\t\t\t<img src=\"https:\/\/ferme.vamtam.com\/wp-content\/uploads\/2021\/11\/iStock-672826798.jpg\" title=\"\" alt=\"\" \/>\t\t\t\t\t\t\t\t\t\t\t\t\t\t\t<\/div>\n\t\t\t\t<\/div>\n\t\t\t\t\t<\/div>\n\t\t<\/div>\n\t\t\t\t\t\t\t<\/div>\n\t\t<\/section>\n\t\t\t\t<section class=\"elementor-section elementor-top-section elementor-element elementor-element-890a692 elementor-section-height-min-height elementor-section-boxed elementor-section-height-default elementor-section-items-middle\" data-id=\"890a692\" data-element_type=\"section\" data-settings=\"{&quot;background_background&quot;:&quot;classic&quot;}\">\n\t\t\t\t\t\t<div class=\"elementor-container elementor-column-gap-default\">\n\t\t\t\t\t<div class=\"elementor-column elementor-col-100 elementor-top-column elementor-element elementor-element-73c16b8\" data-id=\"73c16b8\" data-element_type=\"column\">\n\t\t\t<div class=\"elementor-widget-wrap elementor-element-populated\">\n\t\t\t\t\t\t\t\t<div class=\"elementor-element elementor-element-089f15e elementor-widget elementor-widget-heading\" data-id=\"089f15e\" data-element_type=\"widget\" data-widget_type=\"heading.default\">\n\t\t\t\t<div class=\"elementor-widget-container\">\n\t\t\t<h2 class=\"elementor-heading-title elementor-size-default\">Rejoignez notre \u00e9quipe en pleine croissance<\/h2>\t\t<\/div>\n\t\t\t\t<\/div>\n\t\t\t\t<div class=\"elementor-element elementor-element-a502a6d elementor-align-center elementor-widget__width-inherit elementor-mobile-align-left elementor-widget elementor-widget-button\" data-id=\"a502a6d\" data-element_type=\"widget\" data-widget_type=\"button.default\">\n\t\t\t\t<div class=\"elementor-widget-container\">\n\t\t\t\t\t<div class=\"elementor-button-wrapper\">\n\t\t\t<a href=\"\/fr\/jobs-at-the-farm\/\" class=\"elementor-button-link elementor-button elementor-size-sm elementor-animation-vamtam-marquee\" role=\"button\">\n\t\t\t\t\t\t<span class=\"elementor-button-content-wrapper\">\n\t\t\t\t\t\t<span class=\"elementor-button-text\">Voir les postes ouverts<\/span>\n\t\t<\/span>\n\t\t\t\t\t<\/a>\n\t\t<\/div>\n\t\t\t\t<\/div>\n\t\t\t\t<\/div>\n\t\t\t\t\t<\/div>\n\t\t<\/div>\n\t\t\t\t\t\t\t<\/div>\n\t\t<\/section>\n\t\t\t\t\t\t\t<\/div>","protected":false},"excerpt":{"rendered":"<p>Ferme is a special place not only because of our commitment to growing the best local produce in the area, but because of our people. Meet some of our great staff members! Sarah Parker FOUNDER Sarah Parker believes in sustainable and holistic living.Her passion for organic farming, natural clothing and well-considered beauty products has made&#8230;<\/p>","protected":false},"author":1,"featured_media":987654,"parent":0,"menu_order":0,"comment_status":"closed","ping_status":"closed","template":"","meta":{"inline_featured_image":false},"_links":{"self":[{"href":"https:\/\/panafricandonkeyconference.org\/fr\/wp-json\/wp\/v2\/pages\/27"}],"collection":[{"href":"https:\/\/panafricandonkeyconference.org\/fr\/wp-json\/wp\/v2\/pages"}],"about":[{"href":"https:\/\/panafricandonkeyconference.org\/fr\/wp-json\/wp\/v2\/types\/page"}],"author":[{"embeddable":true,"href":"https:\/\/panafricandonkeyconference.org\/fr\/wp-json\/wp\/v2\/users\/1"}],"replies":[{"embeddable":true,"href":"https:\/\/panafricandonkeyconference.org\/fr\/wp-json\/wp\/v2\/comments?post=27"}],"version-history":[{"count":0,"href":"https:\/\/panafricandonkeyconference.org\/fr\/wp-json\/wp\/v2\/pages\/27\/revisions"}],"wp:featuredmedia":[{"embeddable":true,"href":"https:\/\/panafricandonkeyconference.org\/fr\/wp-json\/wp\/v2\/media\/987654"}],"wp:attachment":[{"href":"https:\/\/panafricandonkeyconference.org\/fr\/wp-json\/wp\/v2\/media?parent=27"}],"curies":[{"name":"wp","href":"https:\/\/api.w.org\/{rel}","templated":true}]}}