{"id":23,"date":"2021-10-03T13:11:49","date_gmt":"2021-10-03T13:11:49","guid":{"rendered":"https:\/\/ferme.vamtam.com\/?page_id=23"},"modified":"2025-07-22T10:22:50","modified_gmt":"2025-07-22T10:22:50","slug":"about","status":"publish","type":"page","link":"https:\/\/panafricandonkeyconference.org\/fr\/about\/","title":{"rendered":"\u00c0 propos de"},"content":{"rendered":"<div data-elementor-type=\"wp-page\" data-elementor-id=\"23\" class=\"elementor elementor-23\">\n\t\t\t\t\t\t\t\t\t<section class=\"elementor-section elementor-top-section elementor-element elementor-element-c9111e4 elementor-section-content-middle elementor-section-boxed elementor-section-height-default elementor-section-height-default\" data-id=\"c9111e4\" data-element_type=\"section\" data-settings=\"{&quot;background_background&quot;:&quot;classic&quot;}\">\n\t\t\t\t\t\t\t<div class=\"elementor-background-overlay\"><\/div>\n\t\t\t\t\t\t\t<div class=\"elementor-container elementor-column-gap-no\">\n\t\t\t\t\t<div class=\"elementor-column elementor-col-100 elementor-top-column elementor-element elementor-element-758dab5\" data-id=\"758dab5\" data-element_type=\"column\">\n\t\t\t<div class=\"elementor-widget-wrap elementor-element-populated\">\n\t\t\t\t\t\t\t\t<section class=\"elementor-section elementor-inner-section elementor-element elementor-element-4d5d05e elementor-section-height-min-height elementor-section-content-middle elementor-section-boxed elementor-section-height-default\" data-id=\"4d5d05e\" data-element_type=\"section\">\n\t\t\t\t\t\t<div class=\"elementor-container elementor-column-gap-no\">\n\t\t\t\t\t<div class=\"elementor-column elementor-col-100 elementor-inner-column elementor-element elementor-element-422100f\" data-id=\"422100f\" data-element_type=\"column\">\n\t\t\t<div class=\"elementor-widget-wrap\">\n\t\t\t\t\t\t\t\t\t<\/div>\n\t\t<\/div>\n\t\t\t\t\t\t\t<\/div>\n\t\t<\/section>\n\t\t\t\t<section class=\"elementor-section elementor-inner-section elementor-element elementor-element-8b2aaf8 elementor-section-boxed elementor-section-height-default elementor-section-height-default\" data-id=\"8b2aaf8\" data-element_type=\"section\">\n\t\t\t\t\t\t<div class=\"elementor-container elementor-column-gap-no\">\n\t\t\t\t\t<div class=\"elementor-column elementor-col-100 elementor-inner-column elementor-element elementor-element-3f2f577\" data-id=\"3f2f577\" data-element_type=\"column\">\n\t\t\t<div class=\"elementor-widget-wrap elementor-element-populated\">\n\t\t\t\t\t\t\t\t<div class=\"elementor-element elementor-element-cf6906f elementor-widget elementor-widget-spacer\" data-id=\"cf6906f\" data-element_type=\"widget\" data-widget_type=\"spacer.default\">\n\t\t\t\t<div class=\"elementor-widget-container\">\n\t\t\t\t\t<div class=\"elementor-spacer\">\n\t\t\t<div class=\"elementor-spacer-inner\"><\/div>\n\t\t<\/div>\n\t\t\t\t<\/div>\n\t\t\t\t<\/div>\n\t\t\t\t\t<\/div>\n\t\t<\/div>\n\t\t\t\t\t\t\t<\/div>\n\t\t<\/section>\n\t\t\t\t\t<\/div>\n\t\t<\/div>\n\t\t\t\t\t\t\t<\/div>\n\t\t<\/section>\n\t\t\t\t<section class=\"elementor-section elementor-top-section elementor-element elementor-element-7ec4c149 elementor-section-boxed elementor-section-height-default elementor-section-height-default\" data-id=\"7ec4c149\" data-element_type=\"section\">\n\t\t\t\t\t\t<div class=\"elementor-container elementor-column-gap-default\">\n\t\t\t\t\t<div class=\"elementor-column elementor-col-33 elementor-top-column elementor-element elementor-element-2ae92ced\" data-id=\"2ae92ced\" data-element_type=\"column\" data-settings=\"{&quot;background_background&quot;:&quot;classic&quot;}\">\n\t\t\t<div class=\"elementor-widget-wrap\">\n\t\t\t\t\t\t\t\t\t<\/div>\n\t\t<\/div>\n\t\t\t\t<div class=\"elementor-column elementor-col-33 elementor-top-column elementor-element elementor-element-2f5efea5\" data-id=\"2f5efea5\" data-element_type=\"column\" data-settings=\"{&quot;background_background&quot;:&quot;classic&quot;}\">\n\t\t\t<div class=\"elementor-widget-wrap elementor-element-populated\">\n\t\t\t\t\t<div class=\"elementor-background-overlay\"><\/div>\n\t\t\t\t\t\t\t\t<div class=\"elementor-element elementor-element-4851de70 elementor-widget elementor-widget-heading\" data-id=\"4851de70\" data-element_type=\"widget\" data-widget_type=\"heading.default\">\n\t\t\t\t<div class=\"elementor-widget-container\">\n\t\t\t<h2 class=\"elementor-heading-title elementor-size-default\">Qu&#039;est-ce que la Conf\u00e9rence PAD ?<\/h2>\t\t<\/div>\n\t\t\t\t<\/div>\n\t\t\t\t\t<\/div>\n\t\t<\/div>\n\t\t\t\t<div class=\"elementor-column elementor-col-33 elementor-top-column elementor-element elementor-element-3431f558 elementor-hidden-mobile\" data-id=\"3431f558\" data-element_type=\"column\">\n\t\t\t<div class=\"elementor-widget-wrap\">\n\t\t\t\t\t\t\t\t\t<\/div>\n\t\t<\/div>\n\t\t\t\t\t\t\t<\/div>\n\t\t<\/section>\n\t\t\t\t<section class=\"elementor-section elementor-top-section elementor-element elementor-element-94f4d0f elementor-section-boxed elementor-section-height-default elementor-section-height-default\" data-id=\"94f4d0f\" data-element_type=\"section\">\n\t\t\t\t\t\t<div class=\"elementor-container elementor-column-gap-default\">\n\t\t\t\t\t<div class=\"elementor-column elementor-col-50 elementor-top-column elementor-element elementor-element-fd8c44a\" data-id=\"fd8c44a\" data-element_type=\"column\">\n\t\t\t<div class=\"elementor-widget-wrap elementor-element-populated\">\n\t\t\t\t\t\t\t\t<div class=\"elementor-element elementor-element-6ad090c elementor-widget elementor-widget-heading\" data-id=\"6ad090c\" data-element_type=\"widget\" data-widget_type=\"heading.default\">\n\t\t\t\t<div class=\"elementor-widget-container\">\n\t\t\t<h2 class=\"elementor-heading-title elementor-size-default\">\u00c0 propos de<\/h2>\t\t<\/div>\n\t\t\t\t<\/div>\n\t\t\t\t\t<\/div>\n\t\t<\/div>\n\t\t\t\t<div class=\"elementor-column elementor-col-50 elementor-top-column elementor-element elementor-element-77b0a2f\" data-id=\"77b0a2f\" data-element_type=\"column\">\n\t\t\t<div class=\"elementor-widget-wrap elementor-element-populated\">\n\t\t\t\t\t\t\t\t<div class=\"elementor-element elementor-element-d7be34b elementor-widget elementor-widget-text-editor\" data-id=\"d7be34b\" data-element_type=\"widget\" data-widget_type=\"text-editor.default\">\n\t\t\t\t<div class=\"elementor-widget-container\">\n\t\t\t\t\t\t\t<p>Les \u00e2nes, \u00e9galement connus sous le nom de &quot;b\u00eates de somme&quot;, ont \u00e9t\u00e9 les premiers animaux domestiqu\u00e9s en Afrique, ce qui en fait un v\u00e9ritable b\u00e9tail africain et un h\u00e9ritage pour le continent. En Afrique, les \u00e2nes sont des travailleurs et des aides invisibles, un \u00e9l\u00e9ment cl\u00e9 de la composante des moyens de subsistance des familles pour le travail et la compagnie, garantissant l&#039;acc\u00e8s \u00e0 l&#039;eau, l&#039;acc\u00e8s au march\u00e9, l&#039;inclusion sociale et le soutien \u00e0 l&#039;agriculture, contribuant ainsi \u00e0 la r\u00e9alisation de certains des objectifs de d\u00e9veloppement durable (ODD).<\/p>\n<p>Les \u00e2nes \u00e0 travers l&#039;Afrique sont soumis \u00e0 des vies difficiles de mauvais traitements, de cruaut\u00e9 et d&#039;abus en grande partie \u00e0 cause des pratiques d&#039;utilisation et de manipulation de leurs propri\u00e9taires\u00a0; des services v\u00e9t\u00e9rinaires et de mar\u00e9chalerie de qualit\u00e9 inad\u00e9quats et abordables\u00a0; et les gouvernements et les institutions ne donnent pas la priorit\u00e9 aux \u00e2nes en tant que b\u00e9tail essentiel dans les politiques et les programmes. Les \u00e2nes sont d\u00e9sormais confront\u00e9s \u00e0 une menace encore plus grande pour leur bien-\u00eatre et leur survie en raison de l&#039;abattage de masse ; \u00c0 lui seul, le Kenya a perdu 301 977 \u00e2nes entre 2016 et 2018, pouss\u00e9s par la forte demande de la communaut\u00e9 chinoise en peau d&#039;\u00e2ne en raison d&#039;une croyance traditionnelle selon laquelle leurs peaux et certaines parties du corps ont des propri\u00e9t\u00e9s m\u00e9dicinales.<\/p>\n<p>Le fait m\u00eame que les \u00e2nes assurent le bien-\u00eatre des cultures et des animaux implique qu&#039;ils contribuent au bien-\u00eatre de l&#039;environnement gr\u00e2ce au fumier des cultures et des animaux, ainsi qu&#039;\u00e0 la richesse qui r\u00e9duit le risque que les pauvres reviennent \u00e0 des pratiques qui \u00e9quivalent \u00e0 l&#039;exploitation mini\u00e8re. l&#039;environnement pour leur survie. Ces faits de base, bien qu&#039;\u00e9tablis empiriquement, impliquent qu&#039;un \u00e2ne a plus de valeur lorsqu&#039;il est vivant que lorsqu&#039;il est mort. Un \u00e2ne de travail apporte \u00e0 un m\u00e9nage 15 fois plus de revenus qu&#039;un \u00e2ne vendu pour l&#039;abattage (KALRO 2019).<\/p>\n<p>Comme observ\u00e9 dans une publication de Brooke, l&#039;\u00e2ne et le r\u00f4le qu&#039;il joue dans la communaut\u00e9 et le d\u00e9veloppement socio-\u00e9conomique global sont souvent n\u00e9glig\u00e9s, et par cons\u00e9quent, son sort manque de cadres politiques et d&#039;autres initiatives pour conduire sa contribution \u00e0 la &#039;<em>agro-socio-\u00e9conomique<a href=\"#_ftn1\" name=\"_ftnref1\"><strong>[1]<\/strong><\/a>&#039;<\/em> d\u00e9veloppement de l&#039;Afrique, notamment en comblant les lacunes des capacit\u00e9s des femmes en tant que principales manipulatrices de cet animal.<\/p>\n<p>En outre, ces derni\u00e8res ann\u00e9es, des rapports provenant de nombreux pays d&#039;Afrique et du monde entier ont d\u00e9montr\u00e9 que les \u00e2nes sont d\u00e9sormais confront\u00e9s \u00e0 une plus grande menace pour leur bien-\u00eatre et leur existence en raison de la demande croissante pour leur peau, propuls\u00e9e par une croyance traditionnelle chinoise selon laquelle leur peau et certaines parties de leur corps ont des propri\u00e9t\u00e9s m\u00e9dicinales. Des \u00c9tats-Unis, du Mexique, du Chili et du Br\u00e9sil \u00e0 l&#039;Australie et \u00e0 l&#039;Afrique, la survie m\u00eame des populations d&#039;\u00e2nes est remise en question.<\/p>\n<p>Le manque de reconnaissance du r\u00f4le des \u00e2nes dans le d\u00e9veloppement et les menaces \u00e9mergentes \u00e0 son existence ont convaincu le Bureau Technique Sp\u00e9cialis\u00e9 du Secteur des Ressources Animales en Afrique ; L&#039;Union Africaine \u2013 Bureau Interafricain des Ressources Animales (UA-IBAR), qu&#039;il y a un besoin urgent d&#039;initier une plate-forme sur laquelle dialoguer sur les questions autour de l&#039;\u00e2ne\u00a0; y compris du point de vue socio-\u00e9conomique de l&#039;impact de l&#039;\u00e2ne sur le secteur des ressources animales, ont lieu. Cela permettra \u00e0 l&#039;Afrique, pour la premi\u00e8re fois, d&#039;avoir une plate-forme pour parler de l&#039;\u00e2ne \u00e0 travers divers domaines th\u00e9matiques.<\/p>\n<p>&nbsp;Des efforts ont \u00e9t\u00e9 d\u00e9ploy\u00e9s pour r\u00e9soudre les probl\u00e8mes de bien-\u00eatre des \u00e2nes, notamment la Conf\u00e9rence r\u00e9gionale 2019 sur le commerce de la peau d&#039;\u00e2ne convoqu\u00e9e par l&#039;IGAD et Brooke East Africa, la Conf\u00e9rence r\u00e9gionale Brooke West Africa 2021 sur l&#039;impact d\u00e9vastateur du commerce de la peau d&#039;\u00e2ne en Afrique et une nouvelle r\u00e9union retentissante de ministres de la CEDEAO tenus en 2021.<\/p>\n<p>L&#039;Union africaine - UA-IBAR, l&#039;IGAD et le gouvernement tanzanien, par l&#039;interm\u00e9diaire de leurs minist\u00e8res responsables de l&#039;\u00e9levage et de l&#039;agriculture et des organisations de protection des animaux (The Brooke), organiseront dans ce contexte une conf\u00e9rence de deux jours qui aura pour th\u00e8me &quot;<strong>Les \u00e2nes en Afrique aujourd&#039;hui et demain<\/strong>\u201c. La conf\u00e9rence r\u00e9unira des participants cibl\u00e9s issus des gouvernements \u00e0 travers l&#039;Afrique, du milieu universitaire, de la recherche, des repr\u00e9sentants des d\u00e9tenteurs \/ utilisateurs d&#039;\u00e2nes, des l\u00e9gislateurs des assembl\u00e9es nationales et r\u00e9gionales, des scientifiques et des d\u00e9fenseurs du monde entier pour discuter et formuler des recommandations pratiques pour soutenir les \u00e2nes. &#039; bien-\u00eatre et existence.<\/p>\t\t\t\t\t\t<\/div>\n\t\t\t\t<\/div>\n\t\t\t\t\t<\/div>\n\t\t<\/div>\n\t\t\t\t\t\t\t<\/div>\n\t\t<\/section>\n\t\t\t\t\t\t\t<\/div>","protected":false},"excerpt":{"rendered":"<p>Qu&#039;est-ce que la Conf\u00e9rence PAD ? \u00c0 propos Les \u00e2nes, \u00e9galement connus sous le nom de &quot;b\u00eates de somme&quot;, ont \u00e9t\u00e9 les premiers animaux domestiqu\u00e9s en Afrique, ce qui en fait un v\u00e9ritable b\u00e9tail africain et un h\u00e9ritage pour le continent. En Afrique, les \u00e2nes sont des travailleurs et des aides invisibles, un \u00e9l\u00e9ment cl\u00e9 de la composante des moyens de subsistance des familles pour le travail et la compagnie, garantissant l&#039;acc\u00e8s au march\u00e9 de l&#039;eau\u2026<\/p>","protected":false},"author":1,"featured_media":987654,"parent":0,"menu_order":0,"comment_status":"closed","ping_status":"closed","template":"","meta":{"inline_featured_image":false},"_links":{"self":[{"href":"https:\/\/panafricandonkeyconference.org\/fr\/wp-json\/wp\/v2\/pages\/23"}],"collection":[{"href":"https:\/\/panafricandonkeyconference.org\/fr\/wp-json\/wp\/v2\/pages"}],"about":[{"href":"https:\/\/panafricandonkeyconference.org\/fr\/wp-json\/wp\/v2\/types\/page"}],"author":[{"embeddable":true,"href":"https:\/\/panafricandonkeyconference.org\/fr\/wp-json\/wp\/v2\/users\/1"}],"replies":[{"embeddable":true,"href":"https:\/\/panafricandonkeyconference.org\/fr\/wp-json\/wp\/v2\/comments?post=23"}],"version-history":[{"count":122,"href":"https:\/\/panafricandonkeyconference.org\/fr\/wp-json\/wp\/v2\/pages\/23\/revisions"}],"predecessor-version":[{"id":990621,"href":"https:\/\/panafricandonkeyconference.org\/fr\/wp-json\/wp\/v2\/pages\/23\/revisions\/990621"}],"wp:featuredmedia":[{"embeddable":true,"href":"https:\/\/panafricandonkeyconference.org\/fr\/wp-json\/wp\/v2\/media\/987654"}],"wp:attachment":[{"href":"https:\/\/panafricandonkeyconference.org\/fr\/wp-json\/wp\/v2\/media?parent=23"}],"curies":[{"name":"wp","href":"https:\/\/api.w.org\/{rel}","templated":true}]}}